{"id":72,"date":"2017-11-02T13:13:32","date_gmt":"2017-11-02T13:13:32","guid":{"rendered":"http:\/\/serwer1322988.home.pl\/autoinstalator\/wordpress1\/?page_id=72"},"modified":"2017-11-02T15:36:39","modified_gmt":"2017-11-02T15:36:39","slug":"o-firmie","status":"publish","type":"page","link":"https:\/\/issmgroup.pl\/?page_id=72","title":{"rendered":"O FIRMIE"},"content":{"rendered":"<p>Nasza firma &#8211; ISSM Group zajmuje si\u0119 szeroko rozumianym utrzymaniem porz\u0105dku.<br \/>\nDzi\u0119ki promocji g\u0142\u00f3wnie w Internecie szybko si\u0119 rozwijamy. ISSM Group powsta\u0142a w 2013 r. jednak do\u015bwiadczenie w bran\u017cy sprz\u0105tania nabieramy od 2005r. Nasza siedziba mie\u015bci si\u0119 Warszawie i to w tym mie\u015bcie g\u0142\u00f3wnie dzia\u0142amy.<br \/>\nW naszych zespo\u0142ach sprz\u0105taj\u0105cych zawsze znajduj\u0105 si\u0119 osoby wykwalifikowane i wykszta\u0142cone do powierzonych prac. Posiadamy odpowiednie umiej\u0119tno\u015bci oraz do\u015bwiadczenie, aby zapewni\u0107 kompleksow\u0105 us\u0142ug\u0119 sprz\u0105taj\u0105c\u0105. Wychodz\u0105c naprzeciw oczekiwaniom klient\u00f3w i dbaj\u0105c o ich bezpiecze\u0144stwo, nasza firma posiada ubezpieczenie OC na kwot\u0119 200.000 z\u0142 na powierzone mienie.<br \/>\nZajmujemy si\u0119 sprz\u0105taniem mieszka\u0144, dom\u00f3w jednorodzinnych, blok\u00f3w mieszkalnych i kamienic, biur, oraz obiekt\u00f3w edukacyjnych, budynk\u00f3w magazynowych i hurtowni.<br \/>\nDla osiedli mieszkaniowych wykonujemy r\u00f3wnie\u017c us\u0142ugi w zakresie usuwania graffiti i zabezpieczania elewacji oraz r\u00f3\u017cnych obiekt\u00f3w od niechcianych grafik.<\/p>\n<p>Stosujemy profesjonalne \u015brodki czysto\u015bci, kt\u00f3re dostosowujemy do potrzeb naszych zleceniodawc\u00f3w.<br \/>\nCzasem, je\u015bli jest takie \u017cyczenie Klienta mo\u017cemy sprz\u0105ta\u0107 \u015brodkami naturalnymi bez chemii, jak cho\u0107by cytryna, s\u00f3l, soda oczyszczona lub u\u017cywamy biodegradowalnych, antyalergicznych \u015brodk\u00f3w.<br \/>\nGwarantujemy terminowo\u015b\u0107, uczciwo\u015b\u0107 pracownik\u00f3w i du\u017ce zaanga\u017cowanie w powierzone zadania.<\/p>\n<p>Zapraszamy do sprawdzenia naszych mo\u017cliwo\u015bci.<\/p>\n","protected":false},"excerpt":{"rendered":"<p>Nasza firma &#8211; ISSM Group zajmuje si\u0119 szeroko rozumianym utrzymaniem porz\u0105dku. Dzi\u0119ki promocji g\u0142\u00f3wnie w Internecie szybko si\u0119 rozwijamy. ISSM Group powsta\u0142a w 2013 r. jednak do\u015bwiadczenie w bran\u017cy sprz\u0105tania nabieramy od 2005r. Nasza siedziba mie\u015bci si\u0119 Warszawie i to w tym mie\u015bcie g\u0142\u00f3wnie dzia\u0142amy. W naszych zespo\u0142ach sprz\u0105taj\u0105cych zawsze znajduj\u0105 si\u0119 osoby wykwalifikowane i [&hellip;]<\/p>\n","protected":false},"author":1,"featured_media":0,"parent":0,"menu_order":0,"comment_status":"closed","ping_status":"closed","template":"page-templates\/page_fullwidth.php","meta":[],"_links":{"self":[{"href":"https:\/\/issmgroup.pl\/index.php?rest_route=\/wp\/v2\/pages\/72"}],"collection":[{"href":"https:\/\/issmgroup.pl\/index.php?rest_route=\/wp\/v2\/pages"}],"about":[{"href":"https:\/\/issmgroup.pl\/index.php?rest_route=\/wp\/v2\/types\/page"}],"author":[{"embeddable":true,"href":"https:\/\/issmgroup.pl\/index.php?rest_route=\/wp\/v2\/users\/1"}],"replies":[{"embeddable":true,"href":"https:\/\/issmgroup.pl\/index.php?rest_route=%2Fwp%2Fv2%2Fcomments&post=72"}],"version-history":[{"count":1,"href":"https:\/\/issmgroup.pl\/index.php?rest_route=\/wp\/v2\/pages\/72\/revisions"}],"predecessor-version":[{"id":73,"href":"https:\/\/issmgroup.pl\/index.php?rest_route=\/wp\/v2\/pages\/72\/revisions\/73"}],"wp:attachment":[{"href":"https:\/\/issmgroup.pl\/index.php?rest_route=%2Fwp%2Fv2%2Fmedia&parent=72"}],"curies":[{"name":"wp","href":"https:\/\/api.w.org\/{rel}","templated":true}]}}