{"id":68,"date":"2017-11-02T13:12:35","date_gmt":"2017-11-02T13:12:35","guid":{"rendered":"http:\/\/serwer1322988.home.pl\/autoinstalator\/wordpress1\/?page_id=68"},"modified":"2017-11-02T13:12:35","modified_gmt":"2017-11-02T13:12:35","slug":"sprzatanie-szkol","status":"publish","type":"page","link":"https:\/\/issmgroup.pl\/?page_id=68","title":{"rendered":"Sprz\u0105tanie szk\u00f3\u0142"},"content":{"rendered":"<p>Sprz\u0105tanie szk\u00f3\u0142 w Warszawie<br \/>\nNasza firma zajmuje si\u0119 r\u00f3wnie\u017c sprz\u0105taniem plac\u00f3wek edukacyjnych.<br \/>\nBudynki szkolne, gdzie codziennie przebywa du\u017ca liczba ludzi, a w szczeg\u00f3lno\u015bci dzieci i m\u0142odzie\u017cy, to spore wyzwanie w temacie utrzymania czysto\u015bci.<\/p>\n<p>Sprz\u0105tanie nale\u017cy wykonywa\u0107 codziennie i starannie. Zazwyczaj oddelegowujemy sta\u0142\u0105 osob\u0119 lub osoby do sprz\u0105tania szk\u00f3\u0142. To dlatego, \u017ce je\u015bli taka osoba dobrze zapozna si\u0119 ju\u017c z terenem do posprz\u0105tania, jest po prostu skuteczniejsza od osoby poznaj\u0105cej dopiero obszar do posprz\u0105tania. Szko\u0142y musz\u0105 by\u0107 sprz\u0105tane szczeg\u00f3lnie dok\u0142adnie, przecie\u017c przebywaj\u0105 tam nasze dzieci. Chodzi nie tylko o ich komfort ale i o bezpiecze\u0144stwo.<br \/>\nWewn\u0105trz budynk\u00f3w sprz\u0105tamy zwyczajowo schody, korytarze, hole, sale, pomieszczenia gospodarcze, usuwamy zawarto\u015b\u0107 koszy, wymieniamy worki na \u015bmieci, myjemy posadzki, sprz\u0105tamy \u0142azienki i ubikacje, uzupe\u0142niamy papier toaletowy, r\u0119czniki, myd\u0142o.<\/p>\n<p>Na zewn\u0105trz budynk\u00f3w szkolnych sprz\u0105tamy chodniki, schody, porz\u0105dkujemy tereny zielone. Jesieni\u0105 grabimy li\u015bcie w miar\u0119 potrzeb, zima od\u015bnie\u017camy chodniki, parkingi.<\/p>\n<p>Wykonujemy r\u00f3wnie\u017c inne czynno\u015bci, jak okresowe mycie okien, drzwi wej\u015bciowych do szko\u0142y, przeszkle\u0144, drzwi do sal, lamperii na korytarzach oraz wiele innych rzeczy, kt\u00f3rych nie spos\u00f3b wymieni\u0107.<\/p>\n<p>Sprz\u0105tamy r\u00f3wnie\u017c w pokojach nauczycielskich i pomieszczeniach biurowych. Na zlecenie, mo\u017cemy wypra\u0107 dywany, wyk\u0142adziny, zas\u0142ony i meble tapicerowane.<br \/>\nKorzystamy z w\u0142asnej chemii, specjalistycznego sprz\u0119tu i odpowiednich urz\u0105dze\u0144. Nasze maszyny i narz\u0119dzia z ca\u0142\u0105 pewno\u015bci\u0105 w zupe\u0142no\u015bci wystarcz\u0105 na zaspokojenie wszelkich potrzeb i warunk\u00f3w stawianych przez Zleceniodawc\u0119. Oczywi\u015bcie mo\u017cemy te\u017c korzysta\u0107 z przekazanego do u\u017cytku sprz\u0119tu \u2013 wszystko mo\u017cna ustali\u0107.<br \/>\nJe\u015bli by\u0142oby takie \u017cyczenie, mo\u017cemy sprz\u0105ta\u0107 te\u017c bez chemii, polegaj\u0105c na starych, sprawdzonych metodach \u201enaszych bab\u0107\u201d, co mo\u017ce mie\u0107 znaczenie,\u00a0 gdy mamy do czynienia z uczuleniami.<\/p>\n<p>&nbsp;<\/p>\n<p>Zapraszamy do przetestowania naszych mo\u017cliwo\u015bci.<\/p>\n","protected":false},"excerpt":{"rendered":"<p>Sprz\u0105tanie szk\u00f3\u0142 w Warszawie Nasza firma zajmuje si\u0119 r\u00f3wnie\u017c sprz\u0105taniem plac\u00f3wek edukacyjnych. Budynki szkolne, gdzie codziennie przebywa du\u017ca liczba ludzi, a w szczeg\u00f3lno\u015bci dzieci i m\u0142odzie\u017cy, to spore wyzwanie w temacie utrzymania czysto\u015bci. Sprz\u0105tanie nale\u017cy wykonywa\u0107 codziennie i starannie. Zazwyczaj oddelegowujemy sta\u0142\u0105 osob\u0119 lub osoby do sprz\u0105tania szk\u00f3\u0142. To dlatego, \u017ce je\u015bli taka osoba dobrze [&hellip;]<\/p>\n","protected":false},"author":1,"featured_media":0,"parent":66,"menu_order":0,"comment_status":"closed","ping_status":"closed","template":"","meta":[],"_links":{"self":[{"href":"https:\/\/issmgroup.pl\/index.php?rest_route=\/wp\/v2\/pages\/68"}],"collection":[{"href":"https:\/\/issmgroup.pl\/index.php?rest_route=\/wp\/v2\/pages"}],"about":[{"href":"https:\/\/issmgroup.pl\/index.php?rest_route=\/wp\/v2\/types\/page"}],"author":[{"embeddable":true,"href":"https:\/\/issmgroup.pl\/index.php?rest_route=\/wp\/v2\/users\/1"}],"replies":[{"embeddable":true,"href":"https:\/\/issmgroup.pl\/index.php?rest_route=%2Fwp%2Fv2%2Fcomments&post=68"}],"version-history":[{"count":1,"href":"https:\/\/issmgroup.pl\/index.php?rest_route=\/wp\/v2\/pages\/68\/revisions"}],"predecessor-version":[{"id":69,"href":"https:\/\/issmgroup.pl\/index.php?rest_route=\/wp\/v2\/pages\/68\/revisions\/69"}],"up":[{"embeddable":true,"href":"https:\/\/issmgroup.pl\/index.php?rest_route=\/wp\/v2\/pages\/66"}],"wp:attachment":[{"href":"https:\/\/issmgroup.pl\/index.php?rest_route=%2Fwp%2Fv2%2Fmedia&parent=68"}],"curies":[{"name":"wp","href":"https:\/\/api.w.org\/{rel}","templated":true}]}}