{"id":64,"date":"2017-11-02T13:11:36","date_gmt":"2017-11-02T13:11:36","guid":{"rendered":"http:\/\/serwer1322988.home.pl\/autoinstalator\/wordpress1\/?page_id=64"},"modified":"2017-11-02T13:11:36","modified_gmt":"2017-11-02T13:11:36","slug":"sprzatanie-wspolnot-i-osiedli-mieszkaniowych","status":"publish","type":"page","link":"https:\/\/issmgroup.pl\/?page_id=64","title":{"rendered":"Sprz\u0105tanie wsp\u00f3lnot i osiedli mieszkaniowych"},"content":{"rendered":"<p>Sprz\u0105tanie osiedli\u00a0 i wsp\u00f3lnot mieszkaniowych w Warszawie<\/p>\n<p>Oferujemy pe\u0142ny zakres us\u0142ug porz\u0105dkowych zwi\u0105zanych z utrzymaniem czysto\u015bci na terenie osiedli mieszkaniowych Warszawy.<br \/>\nNasza oferta dotyczy kompleksowego utrzymania porz\u0105dku\u00a0 w budynkach i na terenach zewn\u0119trznych nale\u017c\u0105cych do wsp\u00f3lnot i osiedli mieszkaniowych. Dzi\u0119ki naszym dzia\u0142aniom zapewniaj\u0105cym kompleksowe us\u0142ugi porz\u0105dkowe, tworzymy odpowiednio mi\u0142e warunki do \u017cycia, odpoczynku i rekreacji dla mieszka\u0144c\u00f3w osiedli mieszkaniowych. Na bie\u017c\u0105co utrzymujemy czysto\u015b\u0107 na klatkach schodowych, w gara\u017cach i parkingach, chodnikach, altankach \u015bmietnikowych, oraz wszystkich innych cz\u0119\u015bciach wsp\u00f3lnych w budynkach mieszkalnych jak korytarze, windy, poddasza, piwnice.<\/p>\n<p>Zajmujemy si\u0119 sprz\u0105taniem teren\u00f3w zewn\u0119trznych, dr\u00f3g dojazdowych, parking\u00f3w. Dbamy o tereny zielone, zajmiemy si\u0119 koszeniem trawy, przycinaniem \u017cywop\u0142ot\u00f3w i krzew\u00f3w ozdobnych.<br \/>\nPrzeprowadzamy dezynfekcje najbardziej newralgicznych miejsc takich jak zsypy czy gara\u017ce, altanki \u015bmietnikowe.<br \/>\nW celu zapewnienia bezpiecze\u0144stwa mieszka\u0144c\u00f3w przyk\u0142adamy si\u0119 do sprz\u0105tania plac\u00f3w zabaw dla dzieci, od\u015bnie\u017camy chodniki, zbijamy nawisy lodowe, od\u015bnie\u017camy parkingi.<\/p>\n<p>Poza wymienionymi czynno\u015bciami wykonujemy r\u00f3wnie\u017c us\u0142ugi z zakresu estetycznego, jak mycie elewacji, czyszczenie kostki brukowej, malowanie p\u0142otk\u00f3w i element\u00f3w konstrukcyjnych, ale przede wszystkim usuwamy graffiti oraz zabezpieczamy wszelkie powierzchnie przed niechcianymi malunkami, zanim powstan\u0105.<\/p>\n","protected":false},"excerpt":{"rendered":"<p>Sprz\u0105tanie osiedli\u00a0 i wsp\u00f3lnot mieszkaniowych w Warszawie Oferujemy pe\u0142ny zakres us\u0142ug porz\u0105dkowych zwi\u0105zanych z utrzymaniem czysto\u015bci na terenie osiedli mieszkaniowych Warszawy. Nasza oferta dotyczy kompleksowego utrzymania porz\u0105dku\u00a0 w budynkach i na terenach zewn\u0119trznych nale\u017c\u0105cych do wsp\u00f3lnot i osiedli mieszkaniowych. Dzi\u0119ki naszym dzia\u0142aniom zapewniaj\u0105cym kompleksowe us\u0142ugi porz\u0105dkowe, tworzymy odpowiednio mi\u0142e warunki do \u017cycia, odpoczynku i rekreacji [&hellip;]<\/p>\n","protected":false},"author":1,"featured_media":0,"parent":45,"menu_order":0,"comment_status":"closed","ping_status":"closed","template":"","meta":[],"_links":{"self":[{"href":"https:\/\/issmgroup.pl\/index.php?rest_route=\/wp\/v2\/pages\/64"}],"collection":[{"href":"https:\/\/issmgroup.pl\/index.php?rest_route=\/wp\/v2\/pages"}],"about":[{"href":"https:\/\/issmgroup.pl\/index.php?rest_route=\/wp\/v2\/types\/page"}],"author":[{"embeddable":true,"href":"https:\/\/issmgroup.pl\/index.php?rest_route=\/wp\/v2\/users\/1"}],"replies":[{"embeddable":true,"href":"https:\/\/issmgroup.pl\/index.php?rest_route=%2Fwp%2Fv2%2Fcomments&post=64"}],"version-history":[{"count":1,"href":"https:\/\/issmgroup.pl\/index.php?rest_route=\/wp\/v2\/pages\/64\/revisions"}],"predecessor-version":[{"id":65,"href":"https:\/\/issmgroup.pl\/index.php?rest_route=\/wp\/v2\/pages\/64\/revisions\/65"}],"up":[{"embeddable":true,"href":"https:\/\/issmgroup.pl\/index.php?rest_route=\/wp\/v2\/pages\/45"}],"wp:attachment":[{"href":"https:\/\/issmgroup.pl\/index.php?rest_route=%2Fwp%2Fv2%2Fmedia&parent=64"}],"curies":[{"name":"wp","href":"https:\/\/api.w.org\/{rel}","templated":true}]}}