{"id":62,"date":"2017-11-02T13:11:12","date_gmt":"2017-11-02T13:11:12","guid":{"rendered":"http:\/\/serwer1322988.home.pl\/autoinstalator\/wordpress1\/?page_id=62"},"modified":"2017-11-02T13:11:12","modified_gmt":"2017-11-02T13:11:12","slug":"usuwanie-graffiti","status":"publish","type":"page","link":"https:\/\/issmgroup.pl\/?page_id=62","title":{"rendered":"Usuwanie graffiti"},"content":{"rendered":"<p>Usuwanie graffiti<\/p>\n<p>Usuwanie graffiti wykonywane przez nasz\u0105 firm\u0119 mo\u017ce odbywa\u0107 si\u0119 na r\u00f3\u017cne sposoby. W zale\u017cno\u015bci czy powierzchnia by\u0142a wcze\u015bniej zabezpieczona przeciw graffiti czy nie, r\u00f3wnie\u017c w zale\u017cno\u015bci od powierzchni z jakiej graffiti ma by\u0107 usuni\u0119te oraz czy mamy dost\u0119p do medi\u00f3w.<br \/>\nWymienione warunki wp\u0142ywaj\u0105 na konieczno\u015b\u0107 u\u017cycia odpowiednich \u015brodk\u00f3w chemicznych i odpowiednich maszyn. Oczywi\u015bcie brak wcze\u015bniejszego zabezpieczenia antygraffiti, hydroskopijna powierzchnia mo\u017ce zdecydowanie wyd\u0142u\u017cy\u0107 proces czyszczenia.<\/p>\n<p><strong>Usuwanie graffiti z powierzchni niezabezpieczonej<\/strong><br \/>\nStosujemy techniki umo\u017cliwiaj\u0105ce zlikwidowanie graffiti z ka\u017cdej powierzchni niezabezpieczonej i w ka\u017cdych warunkach atmosferycznych. Nie jeste\u015bmy te\u017c uzale\u017cnieni od pa\u0144stwa medi\u00f3w jak woda czy pr\u0105d.<br \/>\nW zale\u017cno\u015bci od czyszczonej powierzchni, usuwamy graffiti metod\u0105 mechaniczn\u0105 lub chemiczn\u0105. Je\u015bli \u201emalowid\u0142a\u201d s\u0105 wyj\u0105tkowo uporczywe w usuwaniu \u0142\u0105czymy techniki, co cz\u0119sto jest najskuteczniejszym rozwi\u0105zaniem.<br \/>\nUsuwanie graffiti z powierzchni niezabezpieczonych powinno by\u0107 stosowane jako dzia\u0142ania dora\u017ane, poniewa\u017c czasami nie pozostaje bez wp\u0142ywu na czyszczon\u0105 powierzchni\u0119.<\/p>\n<p>Zawsze po usuni\u0119ciu graffiti proponujemy na\u0142o\u017cenie pow\u0142oki zabezpieczaj\u0105cej, kt\u00f3rej wykorzystanie daje 100% pewno\u015b\u0107, \u017ce w razie powstania nowych malunk\u00f3w, b\u0119dzie je mo\u017cna bez problemu usun\u0105\u0107.<br \/>\nTechniki, kt\u00f3rymi czy\u015bcimy powierzchnie z graffiti dodatkowo pozwalaj\u0105 pozby\u0107 si\u0119 innych zabrudze\u0144, jak kurz, sadza pochodz\u0105ca z komin\u00f3w i spalin samochodowych, rdzawych nalot\u00f3w, glon\u00f3w, mch\u00f3w, wykwit\u00f3w i wielu innych zabrudze\u0144 powsta\u0142ych z latami.<\/p>\n<p><strong>Usuwanie graffiti z powierzchni zabezpieczonych<\/strong><br \/>\nCzyszczenie pomalowanych, a tak\u017ce zabrudzonych, wcze\u015bniej zabezpieczonych powierzchni odbywa si\u0119 wy\u0142\u0105cznie przy u\u017cyciu gor\u0105cej wody pod ci\u015bnieniem. Metoda ta jest znacznie ta\u0144sza ni\u017c usuwanie graffiti z powierzchni niezabezpieczonej. Usuni\u0119cie graffiti z zabezpieczonej powierzchni jest bezpieczniejsze. Aby mo\u017cna by\u0142o u\u017cy\u0107 metody mycia powierzchni przy u\u017cyciu jedynie gor\u0105cej wody, nale\u017cy zabezpieczy\u0107 powierzchni\u0119 elewacji poprzez zastosowanie pow\u0142oki antygraffiti.<\/p>\n<p><u>Usuwamy graffiti r\u00f3wnie\u017c z:<\/u><br \/>\n\u2022\u00a0\u00a0 \u00a0Powierzchni twardych, nieabsorbuj\u0105cych, takich jak konstrukcje stalowe, elementy z blachy, powierzchni malowanych jak<br \/>\nwagony\u00a0 kolejowe, autobusy, tramwaje, wiaty przystankowe, budki telefoniczne itp.<br \/>\n\u2022\u00a0\u00a0 \u00a0Powierzchni g\u0142adkich, delikatnych, takich jak marmur, granit, klinkier, szk\u0142o, pleksiglasy, lamperie, laminaty, znaki drogowe i<br \/>\nreklamowe.<br \/>\n\u2022\u00a0\u00a0 \u00a0Powierzchni porowatych i delikatnych, takich jak termoizolacyjne wyprawy tynkowe czy tynki cementowo-wapienne wyko\u0144czone<br \/>\nfarbami elewacyjnymi.<\/p>\n<p>Zawsze odradzimy pozornie ta\u0144sza metod\u0119 pozbywania si\u0119 graffiti poprzez zamalowywanie fragmentu \u015bciany. Wygl\u0105da to brzydko, \u015bciana nadal jest pomazana tyle, \u017ce przewa\u017cnie prostok\u0105tnymi plamami. Ponadto farba graffiti nie pozwala oddycha\u0107 \u015bcianie, co pr\u0119dzej czy p\u00f3\u017aniej mo\u017ce doprowadzi\u0107 do uszkodzenia tynku, odparzenia, zawilgocenia i wdania si\u0119 grzyb\u00f3w.<\/p>\n<p>Najlepszym zabezpieczeniem przeciw graffiti na nowo powsta\u0142ych elementach, \u015bcianach, jak i na \u015bwie\u017co oczyszczonych jest specjalna pow\u0142oka.<\/p>\n<p>Zach\u0119camy do skorzystania z naszych us\u0142ug w tym zakresie i jeste\u015bmy przekonani, \u017ce b\u0119d\u0105 Pa\u0144stwo zadowoleni.<\/p>\n","protected":false},"excerpt":{"rendered":"<p>Usuwanie graffiti Usuwanie graffiti wykonywane przez nasz\u0105 firm\u0119 mo\u017ce odbywa\u0107 si\u0119 na r\u00f3\u017cne sposoby. W zale\u017cno\u015bci czy powierzchnia by\u0142a wcze\u015bniej zabezpieczona przeciw graffiti czy nie, r\u00f3wnie\u017c w zale\u017cno\u015bci od powierzchni z jakiej graffiti ma by\u0107 usuni\u0119te oraz czy mamy dost\u0119p do medi\u00f3w. Wymienione warunki wp\u0142ywaj\u0105 na konieczno\u015b\u0107 u\u017cycia odpowiednich \u015brodk\u00f3w chemicznych i odpowiednich maszyn. Oczywi\u015bcie [&hellip;]<\/p>\n","protected":false},"author":1,"featured_media":0,"parent":45,"menu_order":0,"comment_status":"closed","ping_status":"closed","template":"","meta":[],"_links":{"self":[{"href":"https:\/\/issmgroup.pl\/index.php?rest_route=\/wp\/v2\/pages\/62"}],"collection":[{"href":"https:\/\/issmgroup.pl\/index.php?rest_route=\/wp\/v2\/pages"}],"about":[{"href":"https:\/\/issmgroup.pl\/index.php?rest_route=\/wp\/v2\/types\/page"}],"author":[{"embeddable":true,"href":"https:\/\/issmgroup.pl\/index.php?rest_route=\/wp\/v2\/users\/1"}],"replies":[{"embeddable":true,"href":"https:\/\/issmgroup.pl\/index.php?rest_route=%2Fwp%2Fv2%2Fcomments&post=62"}],"version-history":[{"count":1,"href":"https:\/\/issmgroup.pl\/index.php?rest_route=\/wp\/v2\/pages\/62\/revisions"}],"predecessor-version":[{"id":63,"href":"https:\/\/issmgroup.pl\/index.php?rest_route=\/wp\/v2\/pages\/62\/revisions\/63"}],"up":[{"embeddable":true,"href":"https:\/\/issmgroup.pl\/index.php?rest_route=\/wp\/v2\/pages\/45"}],"wp:attachment":[{"href":"https:\/\/issmgroup.pl\/index.php?rest_route=%2Fwp%2Fv2%2Fmedia&parent=62"}],"curies":[{"name":"wp","href":"https:\/\/api.w.org\/{rel}","templated":true}]}}