{"id":45,"date":"2017-11-02T12:56:16","date_gmt":"2017-11-02T12:56:16","guid":{"rendered":"http:\/\/serwer1322988.home.pl\/autoinstalator\/wordpress1\/?page_id=45"},"modified":"2017-11-02T13:21:32","modified_gmt":"2017-11-02T13:21:32","slug":"sprzatanie-budynkow-i-osiedli","status":"publish","type":"page","link":"https:\/\/issmgroup.pl\/?page_id=45","title":{"rendered":"BUDYNKI I OSIEDLA"},"content":{"rendered":"<p>Sprz\u0105tanie mieszka\u0144 i dom\u00f3w<\/p>\n<p>Us\u0142ugi sprz\u0105tania mieszka\u0144 i dom\u00f3w wykonujemy na terenie Warszawy i okolic.<br \/>\nOferujemy Pa\u0144stwu wszelkie czynno\u015bci w naszym wykonaniu, maj\u0105ce na celu doprowadzenie Pa\u0144stwa mieszkania czy domu do staniu idealnej czysto\u015bci, a nast\u0119pnie utrzymania tego stanu.<br \/>\nWiemy, jak ma\u0142o mog\u0105 mie\u0107 Pa\u0144stwo czasu na porz\u0105dki we w\u0142asnym domu, dlatego oferujemy nasze us\u0142ugi. Brak czasu to nie wszystko. Nasi pracownicy doskonal\u0105 si\u0119 w r\u00f3\u017cnych technikach sprz\u0105tania wszelkich powierzchni, r\u00f3\u017cnych materia\u0142\u00f3w. Wiedz\u0105 jakich \u015brodk\u00f3w u\u017cywa\u0107 w zale\u017cno\u015bci od materia\u0142u, kt\u00f3ry nale\u017cy wyczy\u015bci\u0107. Dodatkowo z pomoc\u0105 przychodzi nam technika, czyli odpowiednie urz\u0105dzenia, kt\u00f3rych Pa\u0144stwo zwyczajnie nie kupi\u0105, \u017ceby raz na kilka miesi\u0119cy co\u015b wyczy\u015bci\u0107.<br \/>\nNasz personel wci\u0105\u017c si\u0119 szkoli, a skuteczne sprz\u0105tanie to te\u017c sztuka. Dla nas czysto\u015b\u0107 w domach klient\u00f3w to powo\u0142anie i wyzwanie. Codziennie staramy si\u0119 mu sprosta\u0107.<\/p>\n<p><strong>Nasze obowi\u0105zki wykonujemy w formie dw\u00f3ch program\u00f3w.<\/strong><\/p>\n<p><u>Program &#8211; mieszkanie standard:<\/u><br \/>\n&#8211; Odkurzanie pod\u0142\u00f3g, wyk\u0142adzin i dywan\u00f3w \u2013 pokoje, \u0142azienki, WC, kuchnia, korytarze, przedpokoje<br \/>\n&#8211; Wycieranie kurzu z mebli, drzwi, parapet\u00f3w<br \/>\n&#8211; mycie pod\u0142\u00f3g<br \/>\n&#8211; mycie zlew\u00f3w, umywalek, armatury, muszli klozetowych, wanien, kabin prysznicowych, luster<br \/>\n&#8211; opr\u00f3\u017cnienie koszy na \u015bmiecie<\/p>\n<p><u>Program &#8211; mieszkanie generalne porz\u0105dki:<\/u><br \/>\n&#8211; program mieszkanie standard<br \/>\n&#8211; wycieranie z kurzu wysoko po\u0142o\u017conych powierzchni, jak szafy, szafki kuchenne, lod\u00f3wka, wysokie p\u00f3\u0142ki<br \/>\n&#8211; mycie lod\u00f3wki, mycie kuchenki mikrofalowej, mycie zmywarki, mycie piekarnika, okapu kuchennego<br \/>\n&#8211; mycie szafek kuchennych w \u015brodku i z zewn\u0105trz<br \/>\n&#8211; mycie okien z ramami<br \/>\n&#8211; mycie glazury i powierzchni szklanych<br \/>\n&#8211; czyszczenie grzejnik\u00f3w, czyszczenie kratek wentylacyjnych<br \/>\n&#8211; mycie \u017cyrandoli i innych element\u00f3w o\u015bwietleniowych<br \/>\n&#8211; czyszczenie gniazdek, w\u0142\u0105cznik\u00f3w<br \/>\n&#8211; odkurzanie sprz\u0119tu RTV (mo\u017cliwo\u015b\u0107 czyszczenia komputer\u00f3w PC w \u015brodku)<\/p>\n<p>Dodatkowo mo\u017cna zam\u00f3wi\u0107 posprz\u0105tanie pomieszcze\u0144 gospodarczych, piwnic, gara\u017cy, strych\u00f3w oraz pranie mebli tapicerowanych dywan\u00f3w i wyk\u0142adzin. Mo\u017cemy r\u00f3wnie\u017c zabra\u0107 do prania zas\u0142ony, firany, narzuty.<\/p>\n<p>Wypadki zawsze mog\u0105 si\u0119 zdarzy\u0107 i cho\u0107 zawsze bardzo uwa\u017camy na ka\u017cdy szczeg\u00f3\u0142 w pomieszczeniach, kt\u00f3re sprz\u0105tamy, to \u017cycie uczy nas, \u017ce nie jest to pytanie czy\u00a0<strong>co\u015b<\/strong>\u00a0si\u0119 zdarzy, ale\u00a0<strong>kiedy<\/strong>\u00a0si\u0119 zdarzy? Dlatego przypominamy, \u017ce jeste\u015bmy ubezpieczeni i bierzemy pe\u0142n\u0105 odpowiedzialno\u015b\u0107 materialn\u0105.<\/p>\n<p>&nbsp;<\/p>\n<p>Do powy\u017cszych program\u00f3w sprz\u0105tania dom\u00f3w i mieszka\u0144 nale\u017cy doliczy\u0107 jeszcze sprz\u0105tanie po remoncie opisane<\/p>\n","protected":false},"excerpt":{"rendered":"<p>Sprz\u0105tanie mieszka\u0144 i dom\u00f3w Us\u0142ugi sprz\u0105tania mieszka\u0144 i dom\u00f3w wykonujemy na terenie Warszawy i okolic. Oferujemy Pa\u0144stwu wszelkie czynno\u015bci w naszym wykonaniu, maj\u0105ce na celu doprowadzenie Pa\u0144stwa mieszkania czy domu do staniu idealnej czysto\u015bci, a nast\u0119pnie utrzymania tego stanu. Wiemy, jak ma\u0142o mog\u0105 mie\u0107 Pa\u0144stwo czasu na porz\u0105dki we w\u0142asnym domu, dlatego oferujemy nasze us\u0142ugi. [&hellip;]<\/p>\n","protected":false},"author":1,"featured_media":0,"parent":0,"menu_order":0,"comment_status":"closed","ping_status":"closed","template":"","meta":[],"_links":{"self":[{"href":"https:\/\/issmgroup.pl\/index.php?rest_route=\/wp\/v2\/pages\/45"}],"collection":[{"href":"https:\/\/issmgroup.pl\/index.php?rest_route=\/wp\/v2\/pages"}],"about":[{"href":"https:\/\/issmgroup.pl\/index.php?rest_route=\/wp\/v2\/types\/page"}],"author":[{"embeddable":true,"href":"https:\/\/issmgroup.pl\/index.php?rest_route=\/wp\/v2\/users\/1"}],"replies":[{"embeddable":true,"href":"https:\/\/issmgroup.pl\/index.php?rest_route=%2Fwp%2Fv2%2Fcomments&post=45"}],"version-history":[{"count":2,"href":"https:\/\/issmgroup.pl\/index.php?rest_route=\/wp\/v2\/pages\/45\/revisions"}],"predecessor-version":[{"id":91,"href":"https:\/\/issmgroup.pl\/index.php?rest_route=\/wp\/v2\/pages\/45\/revisions\/91"}],"wp:attachment":[{"href":"https:\/\/issmgroup.pl\/index.php?rest_route=%2Fwp%2Fv2%2Fmedia&parent=45"}],"curies":[{"name":"wp","href":"https:\/\/api.w.org\/{rel}","templated":true}]}}