{"id":36,"date":"2017-11-02T12:53:09","date_gmt":"2017-11-02T12:53:09","guid":{"rendered":"http:\/\/serwer1322988.home.pl\/autoinstalator\/wordpress1\/?page_id=36"},"modified":"2017-11-02T15:39:41","modified_gmt":"2017-11-02T15:39:41","slug":"sprzatanie-po-budowie-i-remoncie","status":"publish","type":"page","link":"https:\/\/issmgroup.pl\/?page_id=36","title":{"rendered":"Sprz\u0105tanie po budowie i remoncie"},"content":{"rendered":"<p>Nasze us\u0142ugi sprz\u0105tania po budowie i remoncie wykonujemy szybko i skrupulatnie. Wykonujemy sprz\u0105tanie w trakcie budowy, remontu oraz sprz\u0105tanie ko\u0144cowe przed oddaniem danego lokalu czy budynku do u\u017cytku.<\/p>\n<p><strong>W ramach tego typu us\u0142ug wykonujemy:<\/strong><br \/>\n\u2022\u00a0\u00a0\u00a0 Usuwanie pozosta\u0142o\u015bci po ekipach remontowych (palety, folie, kartony, gruz)<br \/>\n\u2022\u00a0\u00a0\u00a0 Kompleksowe sprz\u0105tanie poremontowe i po budowie w ka\u017cdym pomieszczeniu i budynku<br \/>\n\u2022\u00a0\u00a0\u00a0 Czy\u015bcimy elewacje tynkowane, kamienne, szklane, z sidingu i innych materia\u0142\u00f3w<br \/>\n\u2022\u00a0\u00a0\u00a0 Usuwamy pozosta\u0142o\u015bci farb, klej\u00f3w, gipsu, zapraw murarskich, pianki monta\u017cowej<br \/>\n\u2022\u00a0\u00a0\u00a0 Odkurzanie \u015bcian, pod\u0142\u00f3g i innych element\u00f3w p\u0142askich poziomych i pionowych<br \/>\n\u2022\u00a0\u00a0\u00a0 Kompleksowe mycie i czyszczenie \u0142azienek, kuchni i innych pomieszcze\u0144 po uk\u0142adaniu glazury i terakoty,<br \/>\npaneli pod\u0142ogowych, itp.<br \/>\n\u2022\u00a0\u00a0\u00a0 Mycie okien z ramami, \u015bwietlik\u00f3w , przeszkle\u0144, drzwi wewn\u0119trznych i zewn\u0119trznych<br \/>\n\u2022\u00a0\u00a0\u00a0 Doczyszczanie element\u00f3w wyposa\u017cenia jak np. grzejniki, kratki wyci\u0105g\u00f3w, wentylacji<br \/>\n\u2022\u00a0\u00a0\u00a0 Doczyszczanie posadzek oraz ich zabezpieczanie stosowne do rodzaju materia\u0142u<\/p>\n<p>Zapewniamy odpowiednie zaplecze maszynowe oraz \u015brodki chemiczne odpowiednie do czyszczonych materia\u0142\u00f3w i powierzchni, a tak\u017ce przeszkolon\u0105 kadr\u0119 w \u015bwiadczeniu us\u0142ug zwi\u0105zanych z t\u0105 bran\u017c\u0105.<\/p>\n<p>Prace budowlane oraz remontowe powoduj\u0105 powstanie najcz\u0119\u015bciej specyficznych, ci\u0119\u017ckich do usuni\u0119cia zabrudze\u0144. Nasze do\u015bwiadczenie pozwala nam upora\u0107 si\u0119 z wi\u0119kszo\u015bci\u0105 problem\u00f3w na nowo powsta\u0142ych i odremontowanych\u00a0 obiektach.<br \/>\nNasza oferta mo\u017ce dotyczy\u0107 utrzymania czysto\u015bci w trakcie budowy obiektu jak i sprz\u0105tania kompleksowego przed odbiorem ko\u0144cowym budynku.<br \/>\nKa\u017cda budowa wymaga wysoce indywidualnego podej\u015bcia do zakresu wykonywanych us\u0142ug jak i do kosztorysu cenowego. Wycena ka\u017cdego zlecenia odbywa si\u0119 po wizji lokalnej naszego specjalisty na obiekcie.<\/p>\n","protected":false},"excerpt":{"rendered":"<p>Nasze us\u0142ugi sprz\u0105tania po budowie i remoncie wykonujemy szybko i skrupulatnie. Wykonujemy sprz\u0105tanie w trakcie budowy, remontu oraz sprz\u0105tanie ko\u0144cowe przed oddaniem danego lokalu czy budynku do u\u017cytku. W ramach tego typu us\u0142ug wykonujemy: \u2022\u00a0\u00a0\u00a0 Usuwanie pozosta\u0142o\u015bci po ekipach remontowych (palety, folie, kartony, gruz) \u2022\u00a0\u00a0\u00a0 Kompleksowe sprz\u0105tanie poremontowe i po budowie w ka\u017cdym pomieszczeniu i [&hellip;]<\/p>\n","protected":false},"author":1,"featured_media":0,"parent":28,"menu_order":0,"comment_status":"closed","ping_status":"closed","template":"","meta":[],"_links":{"self":[{"href":"https:\/\/issmgroup.pl\/index.php?rest_route=\/wp\/v2\/pages\/36"}],"collection":[{"href":"https:\/\/issmgroup.pl\/index.php?rest_route=\/wp\/v2\/pages"}],"about":[{"href":"https:\/\/issmgroup.pl\/index.php?rest_route=\/wp\/v2\/types\/page"}],"author":[{"embeddable":true,"href":"https:\/\/issmgroup.pl\/index.php?rest_route=\/wp\/v2\/users\/1"}],"replies":[{"embeddable":true,"href":"https:\/\/issmgroup.pl\/index.php?rest_route=%2Fwp%2Fv2%2Fcomments&post=36"}],"version-history":[{"count":1,"href":"https:\/\/issmgroup.pl\/index.php?rest_route=\/wp\/v2\/pages\/36\/revisions"}],"predecessor-version":[{"id":37,"href":"https:\/\/issmgroup.pl\/index.php?rest_route=\/wp\/v2\/pages\/36\/revisions\/37"}],"up":[{"embeddable":true,"href":"https:\/\/issmgroup.pl\/index.php?rest_route=\/wp\/v2\/pages\/28"}],"wp:attachment":[{"href":"https:\/\/issmgroup.pl\/index.php?rest_route=%2Fwp%2Fv2%2Fmedia&parent=36"}],"curies":[{"name":"wp","href":"https:\/\/api.w.org\/{rel}","templated":true}]}}