{"id":32,"date":"2017-11-02T12:52:11","date_gmt":"2017-11-02T12:52:11","guid":{"rendered":"http:\/\/serwer1322988.home.pl\/autoinstalator\/wordpress1\/?page_id=32"},"modified":"2017-11-02T15:39:24","modified_gmt":"2017-11-02T15:39:24","slug":"sprzatanie-hurtowni","status":"publish","type":"page","link":"https:\/\/issmgroup.pl\/?page_id=32","title":{"rendered":"Sprz\u0105tanie hurtowni"},"content":{"rendered":"<p>Sprz\u0105tanie hurtowni od sprz\u0105tania magazyn\u00f3w r\u00f3\u017cni si\u0119 w szczeg\u00f3lno\u015bci tym, \u017ce trzeba sprz\u0105tn\u0105\u0107 magazyn oraz dodatkowo pomieszczenia wystawowe jak wzorcownia, a tak\u017ce standardowo pomieszczenia socjalne, pomieszczenia sanitarne.<br \/>\nDlatego poza urz\u0105dzeniami, narz\u0119dziami, \u015brodkami chemicznymi do sprz\u0105tania samych magazyn\u00f3w, dysponujemy wszelkimi \u015brodkami do posprz\u0105tania pomieszcze\u0144 o charakterystyce biurowej. Wzorcownie najcz\u0119\u015bciej posiadaj\u0105 takie same pod\u0142ogi jakie cz\u0119sto spotkamy w biurach i innych pomieszczeniach u\u017cyteczno\u015bci publicznej.<br \/>\nOczywi\u015bcie do pomieszcze\u0144 magazynowych oddelegowujemy stosown\u0105 ekip\u0119 sprz\u0105taj\u0105c\u0105 z w\u0142a\u015bciwym sprz\u0119tem, a do pomieszcze\u0144 wzorcowni, socjalnych, sanitarnych wysy\u0142amy inn\u0105 ekip\u0119 specjalizuj\u0105c\u0105 si\u0119 w tego typu pomieszczeniach.<br \/>\nPodzia\u0142 obowi\u0105zk\u00f3w i specjalizacja pracownik\u00f3w gwarantuje wy\u017csz\u0105 skuteczno\u015b\u0107, czyli kr\u00f3tszy czas pracy i wi\u0119ksz\u0105 dok\u0142adno\u015b\u0107.<br \/>\nPoza metod\u0105 chemiczn\u0105 i ci\u015bnieniow\u0105, kt\u00f3r\u0105 wykorzystujemy najcz\u0119\u015bciej w halach magazynowych stosujemy metod\u0119 czyszczenia parowego w pomieszczeniach rodzaju biurowego czyli wzorcowni i pozosta\u0142ych pomieszcze\u0144 u\u017cywanych przez pracownik\u00f3w i Pa\u0144stwa Klient\u00f3w.<br \/>\nMetoda mycia parowego bardzo cz\u0119sto zast\u0119puje u\u017cycie \u015brodk\u00f3w chemicznych, a bywa szybsza i skuteczniejsza np. w doczyszczaniu terakoty i fug. Pr\u00f3cz posadzek mo\u017cna w ten spos\u00f3b my\u0107 okna i przeszklenia, \u015bciany, drzwi, elementy konstrukcyjne, meble wystawiennicze. Ogranicza nas w\u0142a\u015bciwie tylko wyobra\u017ania i niekt\u00f3re materia\u0142y nie znosz\u0105ce wysokiej temperatury.<\/p>\n","protected":false},"excerpt":{"rendered":"<p>Sprz\u0105tanie hurtowni od sprz\u0105tania magazyn\u00f3w r\u00f3\u017cni si\u0119 w szczeg\u00f3lno\u015bci tym, \u017ce trzeba sprz\u0105tn\u0105\u0107 magazyn oraz dodatkowo pomieszczenia wystawowe jak wzorcownia, a tak\u017ce standardowo pomieszczenia socjalne, pomieszczenia sanitarne. Dlatego poza urz\u0105dzeniami, narz\u0119dziami, \u015brodkami chemicznymi do sprz\u0105tania samych magazyn\u00f3w, dysponujemy wszelkimi \u015brodkami do posprz\u0105tania pomieszcze\u0144 o charakterystyce biurowej. Wzorcownie najcz\u0119\u015bciej posiadaj\u0105 takie same pod\u0142ogi jakie cz\u0119sto spotkamy [&hellip;]<\/p>\n","protected":false},"author":1,"featured_media":0,"parent":28,"menu_order":0,"comment_status":"closed","ping_status":"closed","template":"","meta":[],"_links":{"self":[{"href":"https:\/\/issmgroup.pl\/index.php?rest_route=\/wp\/v2\/pages\/32"}],"collection":[{"href":"https:\/\/issmgroup.pl\/index.php?rest_route=\/wp\/v2\/pages"}],"about":[{"href":"https:\/\/issmgroup.pl\/index.php?rest_route=\/wp\/v2\/types\/page"}],"author":[{"embeddable":true,"href":"https:\/\/issmgroup.pl\/index.php?rest_route=\/wp\/v2\/users\/1"}],"replies":[{"embeddable":true,"href":"https:\/\/issmgroup.pl\/index.php?rest_route=%2Fwp%2Fv2%2Fcomments&post=32"}],"version-history":[{"count":1,"href":"https:\/\/issmgroup.pl\/index.php?rest_route=\/wp\/v2\/pages\/32\/revisions"}],"predecessor-version":[{"id":33,"href":"https:\/\/issmgroup.pl\/index.php?rest_route=\/wp\/v2\/pages\/32\/revisions\/33"}],"up":[{"embeddable":true,"href":"https:\/\/issmgroup.pl\/index.php?rest_route=\/wp\/v2\/pages\/28"}],"wp:attachment":[{"href":"https:\/\/issmgroup.pl\/index.php?rest_route=%2Fwp%2Fv2%2Fmedia&parent=32"}],"curies":[{"name":"wp","href":"https:\/\/api.w.org\/{rel}","templated":true}]}}