{"id":28,"date":"2017-11-02T12:50:52","date_gmt":"2017-11-02T12:50:52","guid":{"rendered":"http:\/\/serwer1322988.home.pl\/autoinstalator\/wordpress1\/?page_id=28"},"modified":"2017-11-02T13:27:40","modified_gmt":"2017-11-02T13:27:40","slug":"sprzatanie-przemyslowe","status":"publish","type":"page","link":"https:\/\/issmgroup.pl\/?page_id=28","title":{"rendered":"SPRZ\u0104TANIE PRZEMYS\u0141OWE"},"content":{"rendered":"<p>Sprz\u0105tamy hale magazynowe na terenie Warszawy i najbli\u017cszych okolic.<br \/>\nU\u017cywamy sprawdzonych sposob\u00f3w na usuwanie zabrudze\u0144 przy pomocy prostych ale skutecznych maszyn i \u015brodk\u00f3w chemicznych. W przypadku magazyn\u00f3w cz\u0119sto trzeba u\u017cy\u0107 odpowiedniej chemii, by pozby\u0107 si\u0119 zabrudze\u0144 spowodowanych samym u\u017cytkowaniem, jak i powodowanych przez same elementy sk\u0142adowane.<br \/>\nStaramy si\u0119 dok\u0142adnie czy\u015bci\u0107 ka\u017cdy zakamarek wykorzystuj\u0105c bardziej ludzkie zaanga\u017cowanie w prace ni\u017c wymy\u015blne \u015brodki i urz\u0105dzenia, bo nic nie zast\u0105pi ludzkiej r\u0119ki i oka !<br \/>\nPrace wykonujemy w trybie serwisu dziennego, serwisu nocnego, ca\u0142odobowo, w zale\u017cno\u015bci od potrzeb i zam\u00f3wienia. Poza odkurzaniem, myciem na mokro, usuwamy r\u00f3wnie\u017c zabrudzenia wsi\u0105kaj\u0105ce w beton, kostk\u0119 brukow\u0105. Je\u015bli nawet nie jest mo\u017cliwe ca\u0142kowite usuni\u0119cie plam, to przynajmniej jest ona oboj\u0119tna chemicznie i znacznie mniej widoczna.<\/p>\n<p><strong>Zakres naszych prac w halach magazynowych to g\u0142\u00f3wnie:<\/strong><br \/>\n&#8211; zamiatanie posadzki ka\u017cdego rodzaju, usuwanie \u015bmieci<br \/>\n&#8211; maszynowe mycie maszyn\u0105 myj\u0105co-szoruj\u0105c\u0105<br \/>\n&#8211; odkurzanie posadzek w alejkach i mi\u0119dzy sk\u0142adowanym towarem na poziomie posadzki<br \/>\n&#8211; odkurzanie element\u00f3w konstrukcyjnych hal<br \/>\n&#8211; odkurzanie konstrukcji magazynowych<br \/>\n&#8211; okresowe odkurzanie element\u00f3w instalacyjnych na wysoko\u015bci<br \/>\n&#8211; odkurzanie i mycie maszyn i urz\u0105dze\u0144<br \/>\n&#8211; mycie elewacji<br \/>\n&#8211; sprz\u0105tanie ramp prze\u0142adunkowych<br \/>\n&#8211; usuwanie plam po olejach, oponach, paliwach<br \/>\n&#8211; usuwanie graffiti<\/p>\n<p>Zapraszamy do kontaktowania si\u0119 z nami w celu om\u00f3wienia warunk\u00f3w zlecenia. Jeste\u015bmy w stanie wykona\u0107 dla Pa\u0144stwa praktycznie ka\u017cdy rodzaj prac porz\u0105dkowych. Wystarczy przedstawienie swoich oczekiwa\u0144. Opracujemy ofert\u0119 i przedstawimy plan dzia\u0142ania.<br \/>\nPracujemy pod presj\u0105 termin\u00f3w i w czasie pracy magazyn\u00f3w nie koliduj\u0105c z dzia\u0142aniem\u00a0 Pa\u0144stwa firmy.<br \/>\nPodejmujemy si\u0119 realizacji pojedynczych zlece\u0144, ale ch\u0119tnie nawi\u0105zujemy sta\u0142\u0105 wsp\u00f3\u0142prac\u0119.<\/p>\n<p style=\"text-align: left;\">Zapraszamy do skorzystania z naszej oferty.<\/p>\n","protected":false},"excerpt":{"rendered":"<p>Sprz\u0105tamy hale magazynowe na terenie Warszawy i najbli\u017cszych okolic. U\u017cywamy sprawdzonych sposob\u00f3w na usuwanie zabrudze\u0144 przy pomocy prostych ale skutecznych maszyn i \u015brodk\u00f3w chemicznych. W przypadku magazyn\u00f3w cz\u0119sto trzeba u\u017cy\u0107 odpowiedniej chemii, by pozby\u0107 si\u0119 zabrudze\u0144 spowodowanych samym u\u017cytkowaniem, jak i powodowanych przez same elementy sk\u0142adowane. Staramy si\u0119 dok\u0142adnie czy\u015bci\u0107 ka\u017cdy zakamarek wykorzystuj\u0105c bardziej ludzkie [&hellip;]<\/p>\n","protected":false},"author":1,"featured_media":0,"parent":0,"menu_order":0,"comment_status":"closed","ping_status":"closed","template":"","meta":[],"_links":{"self":[{"href":"https:\/\/issmgroup.pl\/index.php?rest_route=\/wp\/v2\/pages\/28"}],"collection":[{"href":"https:\/\/issmgroup.pl\/index.php?rest_route=\/wp\/v2\/pages"}],"about":[{"href":"https:\/\/issmgroup.pl\/index.php?rest_route=\/wp\/v2\/types\/page"}],"author":[{"embeddable":true,"href":"https:\/\/issmgroup.pl\/index.php?rest_route=\/wp\/v2\/users\/1"}],"replies":[{"embeddable":true,"href":"https:\/\/issmgroup.pl\/index.php?rest_route=%2Fwp%2Fv2%2Fcomments&post=28"}],"version-history":[{"count":3,"href":"https:\/\/issmgroup.pl\/index.php?rest_route=\/wp\/v2\/pages\/28\/revisions"}],"predecessor-version":[{"id":94,"href":"https:\/\/issmgroup.pl\/index.php?rest_route=\/wp\/v2\/pages\/28\/revisions\/94"}],"wp:attachment":[{"href":"https:\/\/issmgroup.pl\/index.php?rest_route=%2Fwp%2Fv2%2Fmedia&parent=28"}],"curies":[{"name":"wp","href":"https:\/\/api.w.org\/{rel}","templated":true}]}}