{"id":168,"date":"2022-07-23T18:23:26","date_gmt":"2022-07-23T18:23:26","guid":{"rendered":"https:\/\/issmgroup.pl\/?page_id=168"},"modified":"2022-07-24T13:06:39","modified_gmt":"2022-07-24T13:06:39","slug":"polityka-prywatnosci-dotyczaca-mediow-spolecznosciowych","status":"publish","type":"page","link":"https:\/\/issmgroup.pl\/?page_id=168","title":{"rendered":"POLITYKA PRYWATNO\u015aCI DOTYCZ\u0104CA MEDI\u00d3W SPO\u0141ECZNO\u015aCIOWYCH"},"content":{"rendered":"<p>Codziennie dbamy o ochron\u0119 danych osobowych, dlatego z zaanga\u017cowaniem ka\u017cdego dnia staramy si\u0119 dba\u0107 o bezpiecze\u0144stwo i komfort u\u017cytkownik\u00f3w Naszych serwis\u00f3w prowadzonych za pomoc\u0105 medi\u00f3w spo\u0142eczno\u015bciowych.<\/p>\n<p>Niniejsza Polityka prywatno\u015bci opisuje spos\u00f3b w jaki ISSM GROUP PREMIUM Marzena Krzanowska post\u0119puje z danymi osobowymi U\u017cytkownik\u00f3w zbieranymi za po\u015brednictwem nast\u0119puj\u0105cych portali spo\u0142eczno\u015bciowych:<\/p>\n<ul>\n<li>Twitter;<\/li>\n<li>Google Firma;<\/li>\n<li>Facebook;<\/li>\n<\/ul>\n<p>W przypadku przetwarzania Danych osobowych na innych stronach internetowych przez ISSM GROUP PREMIUM Marzena Krzanowska. ni\u017c portale spo\u0142eczno\u015bciowe zastosowanie ma polityka prywatno\u015bci tych stron internetowych, ka\u017cdorazowo dost\u0119pna na danej stronie www.<\/p>\n<p>&nbsp;<\/p>\n<hr \/>\n<p style=\"text-align: center;\">Kto jest Administratorem danych?<\/p>\n<hr \/>\n<p>Administratorem danych osobowych jest ISSM GROUP PREMIUM Marzena Krzanowska, z siedzib\u0105 przy ul. Dereniowej 10 05-110 Jab\u0142onna. Z administratorem mo\u017cna skontaktowa\u0107 drog\u0105 elektroniczn\u0105 pisz\u0105c na adres e-mail: <a href=\"mailto:service@issmgroup.pl\"><strong>service@issmgroup.pl<\/strong><\/a>, dzwoni\u0105c pod numer: <strong>(22) 308 02 80<\/strong> lub tradycyjn\u0105 wysy\u0142aj\u0105c korespondencj\u0119 na adres ISSM GROUP PREMIUM Marzena Krzanowska<strong> ul. Dereniowa 10 05-110 Jab\u0142onna z dopiskiem <\/strong><strong>Ochrona Danych Osobowych<\/strong>.<\/p>\n<p>&nbsp;<\/p>\n<hr \/>\n<p style=\"text-align: center;\">Jakie dane osobowe przetwarzamy?<\/p>\n<hr \/>\n<p>W zwi\u0105zku z korzystaniem z Portali spo\u0142eczno\u015bciowych ISSM GROUP PREMIUM Marzena Krzanowska b\u0119dzie przetwarza\u0142:<\/p>\n<ul>\n<li>imi\u0119 i nazwisko (w tym nazwa profilu) U\u017cytkownika oraz<\/li>\n<li>dane, do kt\u00f3rych uzyskali\u015bmy dost\u0119p po wyra\u017ceniu zgody przez U\u017cytkownika<br \/>\nw zale\u017cno\u015bci od jego ustawie\u0144 prywatno\u015bci, m.in.: adres e-mail, numer telefonu, inne dane kontaktowe, zainteresowania, deklarowana lokalizacja, komentarze, polubienia, dane demograficzne, wizerunek, zdj\u0119cia, filmy, sieci spo\u0142eczno\u015bciowe i powi\u0105zania, oraz<\/li>\n<li>inne dane osobowe podane przez U\u017cytkownika w swoich komentarzach.<\/li>\n<\/ul>\n<p>Wskazane powy\u017cej dane zawsze zbieramy od Ciebie.<\/p>\n<p>Dane osobowe U\u017cytkownik\u00f3w s\u0105 r\u00f3wnie\u017c przetwarzane w spos\u00f3b nienale\u017cny od Nas przez podmiot prowadz\u0105cy dany serwis spo\u0142eczno\u015bciowy na kt\u00f3rych umieszczone s\u0105 Nasze Portale spo\u0142eczno\u015bciowe. W celu uzyskania informacji na temat zakresu pozyskiwanych danych, zasad i podstaw prawnych ich przetwarzania, a tak\u017ce okres\u00f3w retencji, nale\u017cy zapozna\u0107 si\u0119 z w\u0142a\u015bciw\u0105 polityk\u0105 prywatno\u015bci, z kt\u00f3r\u0105 mo\u017cesz si\u0119 zapozna\u0107 tu:<\/p>\n<ul>\n<li><a href=\"https:\/\/twitter.com\/en\/privacy\">https:\/\/twitter.com\/en\/privacy<\/a><\/li>\n<li><a href=\"https:\/\/policies.google.com\/privacy?hl=pl&amp;gl=pl\">https:\/\/policies.google.com\/privacy?hl=pl&amp;gl=pl<\/a><\/li>\n<li><a href=\"https:\/\/www.facebook.com\/privacy\/explanation\">https:\/\/www.facebook.com\/privacy\/explanation<\/a><\/li>\n<\/ul>\n<p>&nbsp;<\/p>\n<hr \/>\n<p style=\"text-align: center;\">W jakim celu i na jakich podstawach przetwarzamy wskazane dane osobowe?<\/p>\n<hr \/>\n<p>Przetwarzamy przede wszystkim:<\/p>\n<ol>\n<li>w celu w\u0142a\u015bciwego zarz\u0105dzania profilem w tym publikowania informacji o us\u0142ugach<br \/>\ni produktach na portalach spo\u0142eczno\u015bciowych \u2013 na podstawie art. 6 ust. 1 lit. f) RODO,<\/li>\n<li>w celu udzielania odpowiedzi na pytania lub skargi kierowane do Nas za po\u015brednictwem portali spo\u0142eczno\u015bciowych \u2013 na podstawie art. 6 ust. 1 lit. f) RODO,<\/li>\n<li>w celu prowadzenia statystyk odwiedzin Naszego serwisu, kt\u00f3re mog\u0105 dotyczy\u0107 takich informacji jak: czasu sp\u0119dzania, aktywno\u015bci, jako\u015bci wy\u015bwietlanej tre\u015bci, Twojej lokalizacji czy informacji z jakiego urz\u0105dzenia Korzystasz przegl\u0105daj\u0105c Nasz serwis \u2013 na podstawie art. 6 ust. 1 lit. f) RODO,<\/li>\n<li>w celu obrony lub dochodzenia roszcze\u0144 wynikaj\u0105cych lub zwi\u0105zanych z korzystaniem przez U\u017cytkownik\u00f3w z portali spo\u0142eczno\u015bciowymi \u2013 na podstawie przepisu art. 6 ust. 1 lit. f) RODO.<\/li>\n<\/ol>\n<p>&nbsp;<\/p>\n<hr \/>\n<p style=\"text-align: center;\">Dobrowolno\u015b\u0107 czy obowi\u0105zek podania danych osobowych?<\/p>\n<hr \/>\n<p>Podanie danych jest dobrowolne, lecz w niekt\u00f3rych procesach jest niezb\u0119dne do wykonania okre\u015blonych czynno\u015bci. Niepodanie danych wskazanych jako niezb\u0119dne, mo\u017ce skutkowa\u0107 brakiem mo\u017cliwo\u015bci udzielenia odpowiedzi w sytuacji nawi\u0105zania z Nami kontaktu.<\/p>\n<p>&nbsp;<\/p>\n<hr \/>\n<p style=\"text-align: center;\">Przez jaki czas b\u0119dziemy przetwarza\u0107 dane osobowe?<\/p>\n<hr \/>\n<p>Wszystko zale\u017cy od celu ich przetwarzania i podstawy na jakiej przetwarzanie jest oparte.<\/p>\n<ol>\n<li>zarz\u0105dzania profilem \u2013 do zako\u0144czenia celu ich przetwarzania (usuni\u0119cia profilu),<\/li>\n<li>udzielenia odpowiedzi \u2013 przez okres niezb\u0119dny do obs\u0142ugi Twojego zapytania i\/lub przez okres wykorzystania tych danych do marketingu bezpo\u015bredniego, jednak nie d\u0142u\u017cej ni\u017c do z\u0142o\u017cenia sprzeciwu na przetwarzanie lub wniosku o usuni\u0119cie tych danych,<\/li>\n<li>statystyki \u2013 przez okres nie d\u0142u\u017cszy ni\u017c 3 lata. Dlaczego, poniewa\u017c chcemy por\u00f3wnywa\u0107<br \/>\ni obserwowa\u0107 rozw\u00f3j Naszego portalu, czy idziemy w\u0142a\u015bciw\u0105 drog\u0105,<\/li>\n<li>obrona lub dochodzenie roszcze\u0144 \u2013 je\u015bli w jakim\u015b momencie uznamy, \u017ce przetwarzane dane osobowe s\u0105 nam konieczne w celu dochodzenia lub obrony przed roszczeniami lub wynika to<br \/>\nz przepis\u00f3w prawa, b\u0119dziemy dane osobowe przetwarza\u0107 d\u0142u\u017cej ni\u017c przez okresy podane powy\u017cej, przez czas niezb\u0119dny do osi\u0105gni\u0119cia celu ich przetwarzania, nie d\u0142u\u017cej ni\u017c przez okres trzech lat od zako\u0144czenia tego celu.<\/li>\n<\/ol>\n<p>&nbsp;<\/p>\n<hr \/>\n<p style=\"text-align: center;\">Czy przetwarzamy dane osobowe dzieci?<\/p>\n<hr \/>\n<p>Nie, Nasze serwisy spo\u0142eczno\u015bciowe nie s\u0105 przeznaczone dla dzieci poni\u017cej 16 roku \u017cycia.<\/p>\n<p>&nbsp;<\/p>\n<hr \/>\n<p style=\"text-align: center;\">Komu i dlaczego mo\u017cemy udost\u0119pni\u0107 dane osobowe?<\/p>\n<hr \/>\n<p>Nie ujawniamy danych osobowych U\u017cytkownik\u00f3w Naszego serwisu za wyj\u0105tkiem sytuacji:<\/p>\n<ul>\n<li>w kt\u00f3rych jest to konieczne w zwi\u0105zku z prowadzon\u0105 dzia\u0142alno\u015bci\u0105 np. operatorzy telekomunikacyjni,<\/li>\n<li>w sytuacjach wymaganych lub dozwolonych przez przepisy prawa, w\u00a0takim przypadku udost\u0119pniamy dane osobowe firmom, organizacjom i\u00a0osobom spoza ISSM GROUP PREMIUM Marzena Krzanowska, je\u015bli w\u00a0dobrej wierze uznamy, \u017ce\u00a0udost\u0119pnienie, wykorzystanie, zachowanie lub ujawnienie danych jest uzasadnione w\u00a0zwi\u0105zku z:<\/li>\n<li>d\u0105\u017ceniem do\u00a0spe\u0142niania wymog\u00f3w obowi\u0105zuj\u0105cego prawa, przepis\u00f3w, proces\u00f3w prawnych lub prawomocnych \u017c\u0105da\u0144 instytucji pa\u0144stwowych;<\/li>\n<li>egzekwowaniem obowi\u0105zuj\u0105cych Warunk\u00f3w korzystania ze\u00a0strony, w\u00a0tym badaniem potencjalnych narusze\u0144;<\/li>\n<li>monitorowania ruchu na\u00a0stronie, czasu sp\u0119dzania itp.;<\/li>\n<li>wykrywaniem oszustw i\u00a0zapobieganiem im, a\u00a0tak\u017ce rozwi\u0105zywaniem innych problem\u00f3w dotycz\u0105cych oszustw, bezpiecze\u0144stwa i\u00a0kwestii technicznych;<\/li>\n<li>ochron\u0105 praw w\u0142asno\u015bci lub bezpiecze\u0144stwa Administratora Danych oraz\u00a0pozosta\u0142ych os\u00f3b w\u00a0spos\u00f3b wymagany b\u0105d\u017a dozwolony przez\u00a0przepisy prawa,<\/li>\n<li>lub w sytuacji, gdy wyrazisz jako osoba, kt\u00f3rej dane dotycz\u0105, zgod\u0119 na takie udost\u0119pnienie,<\/li>\n<li>lub w sytuacji, gdy jest to niezb\u0119dne do realizacji zleconych czynno\u015bci przez podmioty trzecie na podstawie podpisanych um\u00f3w. W tej sytuacji mo\u017cemy w okre\u015blonych przypadkach, w formie powierzenia ich przetwarzania przekaza\u0107 uzyskane przez nas dane osobowe dostawcom wsp\u00f3\u0142pracuj\u0105cym, aby mo\u017cliwe by\u0142o przetwarzanie przez nich danych osobowych w naszym Imieniu.<\/li>\n<\/ul>\n<p>Nie przekazujemy danych do podmiot\u00f3w trzecich z siedzib\u0105 w Pa\u0144stwach spoza Europejskiego Obszaru Gospodarczego (EOG) lub organizacji mi\u0119dzynarodowych. Jednak\u017ce ze wzgl\u0119du na niezale\u017cny od Nas udzia\u0142 w przetwarzaniu Twoich danych osobowych w\u0142a\u015bciciela danego medium spo\u0142eczno\u015bciowego, Twoje dane mog\u0105 by\u0107 przekazywane podmiotom spoza Europejskiego Obszaru Gospodarczego (EOG), dlatego tak wa\u017cne jest aby\u015b dok\u0142adnie zapozna\u0142 si\u0119 z polityk\u0105 prywatno\u015bci danego medium spo\u0142eczno\u015bciowego.<\/p>\n<p>&nbsp;<\/p>\n<hr \/>\n<p style=\"text-align: center;\">Jakie prawa przys\u0142uguj\u0105 Tobie w zwi\u0105zku z przetwarzaniem danych osobowych?<\/p>\n<hr \/>\n<p>Masz prawa, o kt\u00f3rych warto wiedzie\u0107 Aby\u015b m\u00f3g\u0142 z nich korzysta\u0107, a kt\u00f3re gwarantuje RODO.<\/p>\n<p>Masz prawo:<\/p>\n<ul>\n<li>\u017c\u0105dania dost\u0119pu do w\u0142asnych danych osobowych\u00a0(w tym uzyskania potwierdzenia, czy s\u0105 one przetwarzane oraz uzyskania informacji np. o celach, \u017ar\u00f3d\u0142ach, kategoriach przetwarzanych danych czy okresie ich przechowywania), co obejmuje tak\u017ce prawo do otrzymania bezp\u0142atnie kopii w\u0142asnych danych (za wszelkie kolejne kopie, o kt\u00f3re zwr\u00f3ci si\u0119 osoba, kt\u00f3rej dane dotycz\u0105, mo\u017cemy pobra\u0107 op\u0142at\u0119 w rozs\u0105dnej wysoko\u015bci wynikaj\u0105cej z koszt\u00f3w administracyjnych);<\/li>\n<li>do sprostowania danych osobowych\u00a0(gdy s\u0105 one nieprawid\u0142owe), co obejmuje tak\u017ce wniesienie uzupe\u0142nienia niekompletnych danych osobowych, jednak w tym celu mo\u017cemy prosi\u0107<br \/>\no przedstawienie dodatkowego o\u015bwiadczenia od Ciebie;<\/li>\n<li>do usuni\u0119cia danych osobowych\u00a0(tzw. \u201eprawo do bycia zapomnianym\u201d), kiedy np. nie s\u0105 one niezb\u0119dne do realizacji cel\u00f3w, w jakich zosta\u0142y zebrane, zosta\u0142a cofni\u0119ta zgoda na ich przetwarzanie lub nie ma innych podstaw prawnych do ich przetwarzania;<\/li>\n<li>do ograniczenia przetwarzania danych, gdy np. kwestionujesz prawid\u0142owo\u015b\u0107 danych osobowych \u2013 na okres pozwalaj\u0105cy nam sprawdzi\u0107 prawid\u0142owo\u015b\u0107 tych danych;<\/li>\n<li>do wniesienia sprzeciwu wobec przetwarzania;<\/li>\n<li>do przenoszenia danych, w tym otrzymania od nas w ustrukturyzowanym, powszechnie u\u017cywanym formacie nadaj\u0105cym si\u0119 do odczytu maszynowego w\u0142asnych danych osobowych, kt\u00f3re nam dostarczy\u0142e\u015b;<\/li>\n<li>do cofni\u0119cia wyra\u017canej zgody\u00a0na przetwarzanie danych (przy czym cofni\u0119cie zgody nie wp\u0142ywa na zgodno\u015b\u0107 z prawem przetwarzania, kt\u00f3rego dokonano na podstawie wyra\u017conej zgody przed jej cofni\u0119ciem);<\/li>\n<li>wniesienia skargi do Prezesa Urz\u0119du Ochrony Danych Osobowych, gdy Uznasz,<br \/>\ni\u017c przetwarzanie danych osobowych narusza przepisy o ochronie danych osobowych.<\/li>\n<\/ul>\n<p>&nbsp;<\/p>\n<hr \/>\n<p style=\"text-align: center;\">Jak mo\u017cesz zrealizowa\u0107 swoje prawa?<\/p>\n<hr \/>\n<p>Wskazane powy\u017cej prawa mo\u017cesz wnie\u015b\u0107 do nas w dowolnym momencie. Prosimy aby\u015b zapozna\u0142 si\u0119 z niezb\u0119dnymi informacjami dotycz\u0105cymi trybu post\u0119powania, kt\u00f3re znajdziesz <strong><a href=\"https:\/\/issmgroup.pl\/?page_id=143\">tutaj<\/a>.<\/strong><\/p>\n<p>Formy wnoszenia wniosk\u00f3w:<\/p>\n<ul>\n<li>w formie pisemnej na adres: ISSM GROUP PREMIUM Marzena Krzanowska. ul. Dereniowa 10 05-110 Jab\u0142onna<\/li>\n<li>drog\u0105 e-mailow\u0105 na adres: <a href=\"mailto:service@issmgroup.pl\">service@issmgroup.pl<\/a>.<\/li>\n<\/ul>\n<p>&nbsp;<\/p>\n<p>Prawo skargi, wnosisz do Prezesa Urz\u0119du Ochrony Danych Osobowych. Wszelkie niezb\u0119dne informacje znajdziesz na <a href=\"http:\/\/www.uodo.gov.pl\">www.uodo.gov.pl<\/a><u>.<\/u><\/p>\n<p>&nbsp;<\/p>\n<hr \/>\n<p style=\"text-align: center;\">Zautomatyzowane przetwarzanie w tym profilowanie?<\/p>\n<hr \/>\n<p>Wa\u017cne \u2013 dane osobowe mog\u0105 by\u0107 przetwarzane w spos\u00f3b zautomatyzowany, jednak\u017ce nie podlegaj\u0105 one profilowaniu, kt\u00f3re wywo\u0142uje skutki prawne lub znacz\u0105co wp\u0142ywa na Naszych u\u017cytkownik\u00f3w.<\/p>\n<p>&nbsp;<\/p>\n<hr \/>\n<p style=\"text-align: center;\">INFORMACJE OG\u00d3LNE, ALE MO\u017bE WARTO SI\u0118 ZAPOZNA\u0106<\/p>\n<hr \/>\n<p><strong>Czym s\u0105 dane osobowe i co oznacza ich przetwarzanie?<\/strong><\/p>\n<p>Dane osobowe oznaczaj\u0105 informacje o\u00a0zidentyfikowanej lub mo\u017cliwej do zidentyfikowania osobie fizycznej. Przetwarzaniem danych osobowych jest w zasadzie ka\u017cda czynno\u015b\u0107 na danych osobowych, niezale\u017cnie od tego, czy jest dokonywana w spos\u00f3b zautomatyzowany czy nie, np. zbieranie, przechowywanie, utrwalanie, porz\u0105dkowanie, modyfikowanie, przegl\u0105danie, wykorzystywanie, udost\u0119pnianie, ograniczanie, usuwanie lub niszczenie. Przetwarzamy Twoje okre\u015blone w niniejszym dokumencie dane osobowe w r\u00f3\u017cnych celach, przy czym w procesie przetwarzania zastosowane mog\u0105 by\u0107 r\u00f3\u017cne metody zbierania, podstawy legalno\u015bci przetwarzania, wykorzystywania, ujawniania oraz okresy przechowywania, kt\u00f3re zawsze okre\u015blone s\u0105 w stosunku do celu, w jakim dane s\u0105 przez Nas przetwarzane.<\/p>\n<p><strong>Czym s\u0105 portale spo\u0142eczno\u015bciowe?<\/strong><\/p>\n<p>Portale spo\u0142eczno\u015bciowe oznaczaj\u0105 strony internetowe wskazane przez ISSM GROUP PREMIUM Marzena Krzanowska<\/p>\n<p><strong>Kiedy niniejsza Polityka prywatno\u015bci ma zastosowanie?<\/strong><\/p>\n<p>Niniejsza polityka prywatno\u015bci ma zastosowanie do wszystkich serwis\u00f3w spo\u0142eczno\u015bciowych,<br \/>\nw kt\u00f3rych Jeste\u015bmy Administratorem danych osobowych. Dotyczy to zar\u00f3wno przypadk\u00f3w,<br \/>\nw kt\u00f3rych przetwarzamy dane osobowe pozyskane bezpo\u015brednio od osoby, kt\u00f3rej dane dotycz\u0105, jak<br \/>\ni przypadku, w kt\u00f3rym dane osobowe pozyskali\u015bmy z innych \u017ar\u00f3de\u0142.<\/p>\n<p><strong>Jak dbamy o bezpiecze\u0144stwo danych osobowych?<\/strong><\/p>\n<p>Dok\u0142adamy wszelkich stara\u0144, aby chroni\u0107 u\u017cytkownik\u00f3w przed nieuprawnionym dost\u0119pem, nieautoryzowan\u0105 modyfikacj\u0105, ujawnieniem oraz zniszczeniem danych osobowych. W szczeg\u00f3lno\u015bci:<\/p>\n<ul>\n<li>stosujemy<\/li>\n<li>kontrolujemy Nasze metody gromadzenia, przechowywania i przetwarzania informacji,<br \/>\nw tym fizyczne \u015brodki bezpiecze\u0144stwa, aby chroni\u0107 przed nieuprawnionym dost\u0119pem do systemu;<\/li>\n<li>dost\u0119pu do danych osobowych udzielamy jedynie tym pracownikom, kontrahentom<br \/>\ni przedstawicielom, kt\u00f3rzy musz\u0105 mie\u0107 do nich dost\u0119p, aby przetwarza\u0107 je na Nasze potrzeby. Ponadto na mocy umowy s\u0105 oni zobowi\u0105zani do zachowania \u015bcis\u0142ej poufno\u015bci;<\/li>\n<li>a w przypadku niewype\u0142nienia tych zobowi\u0105za\u0144 mog\u0105 ponie\u015b\u0107 konsekwencje, \u0142\u0105cznie<br \/>\nz zako\u0144czeniem wsp\u00f3\u0142pracy.<\/li>\n<\/ul>\n<p><strong>Czy chcemy przetwarza\u0107 wra\u017cliwe dane U\u017cytkownik\u00f3w?<\/strong><\/p>\n<p>Nie, nie chcemy, dlatego apelujemy do Naszych U\u017cytkownik\u00f3w, aby przy udost\u0119pnianiu Swoich danych osobowych kierowali si\u0119 rozwag\u0105 w szczeg\u00f3lno\u015bci, aby nigdy nie przekazywali danych wra\u017cliwych np. stanu zdrowia.<\/p>\n<p><strong>Czy mo\u017cemy zmieni\u0107 tre\u015b\u0107 niniejszej polityki?<\/strong><\/p>\n<p>Niniejsza Polityka prywatno\u015bci mo\u017ce czasami ulega\u0107 zmianom. Prawa u\u017cytkownika wynikaj\u0105ce<br \/>\nz niniejszej Polityki prywatno\u015bci nie zostan\u0105 ograniczone bez wyra\u017anej zgody u\u017cytkownika. Wszelkie zmiany Polityki prywatno\u015bci b\u0119d\u0105 publikowane na tej stronie, a o istotnych zmianach b\u0119dziemy informowa\u0107 w bardziej widoczny spos\u00f3b. Zachowujemy r\u00f3wnie\u017c poprzednie wersje niniejszej Polityki prywatno\u015bci w archiwum, aby umo\u017cliwi\u0107 u\u017cytkownikom zapoznanie si\u0119 z nimi.<\/p>\n<p><strong>Skargi, w\u0105tpliwo\u015bci, pytania<\/strong><\/p>\n<p>Jakiekolwiek pytania, zastrze\u017cenia lub w\u0105tpliwo\u015bci dotycz\u0105ce tre\u015bci niniejszej Polityki prywatno\u015bci lub sposobu w\u00a0jaki przetwarzamy dane osobowe, jak r\u00f3wnie\u017c skargi dotycz\u0105ce tych kwestii (cho\u0107 mamy nadziej\u0119, \u017ce\u00a0nie\u00a0b\u0119dzie konieczno\u015bci wniesienia tego rodzaju skarg), prosimy kierowa\u0107 mailowo wraz ze\u00a0szczeg\u00f3\u0142owymi informacjami dotycz\u0105cymi skargi na\u00a0adres <a href=\"mailto:service@issmgroup.pl\">service@issmgroup.pl<\/a><\/p>\n<p>Wszelkie otrzymane skargi zostan\u0105 rozpatrzone i\u00a0udzielimy na\u00a0nie\u00a0odpowiedzi.<\/p>\n<p>Naturalnie, nie\u00a0ograniczamy kontaktu z\u00a0nami i\u00a0umo\u017cliwiamy kontakt bezpo\u015bredni w\u00a0siedzibie<br \/>\nISSM GROUP PREMIUM Marzena Krzanowska<\/p>\n<p>&nbsp;<\/p>\n<table>\n<tbody>\n<tr>\n<td width=\"313\"><strong>Dokument<\/strong><\/td>\n<td width=\"313\"><strong>Polityka prywatno\u015bci media spo\u0142eczno\u015bciowe<\/strong><\/td>\n<\/tr>\n<tr>\n<td width=\"313\">Data zatwierdzenia<\/td>\n<td width=\"313\">\u00a02022-07-25<\/td>\n<\/tr>\n<tr>\n<td width=\"313\">Data aktualizacji<\/td>\n<td width=\"313\"><\/td>\n<\/tr>\n<\/tbody>\n<\/table>\n<p>&nbsp;<\/p>\n","protected":false},"excerpt":{"rendered":"<p>Codziennie dbamy o ochron\u0119 danych osobowych, dlatego z zaanga\u017cowaniem ka\u017cdego dnia staramy si\u0119 dba\u0107 o bezpiecze\u0144stwo i komfort u\u017cytkownik\u00f3w Naszych serwis\u00f3w prowadzonych za pomoc\u0105 medi\u00f3w spo\u0142eczno\u015bciowych. Niniejsza Polityka prywatno\u015bci opisuje spos\u00f3b w jaki ISSM GROUP PREMIUM Marzena Krzanowska post\u0119puje z danymi osobowymi U\u017cytkownik\u00f3w zbieranymi za po\u015brednictwem nast\u0119puj\u0105cych portali spo\u0142eczno\u015bciowych: Twitter; Google Firma; Facebook; W przypadku [&hellip;]<\/p>\n","protected":false},"author":1,"featured_media":0,"parent":0,"menu_order":0,"comment_status":"closed","ping_status":"closed","template":"","meta":[],"_links":{"self":[{"href":"https:\/\/issmgroup.pl\/index.php?rest_route=\/wp\/v2\/pages\/168"}],"collection":[{"href":"https:\/\/issmgroup.pl\/index.php?rest_route=\/wp\/v2\/pages"}],"about":[{"href":"https:\/\/issmgroup.pl\/index.php?rest_route=\/wp\/v2\/types\/page"}],"author":[{"embeddable":true,"href":"https:\/\/issmgroup.pl\/index.php?rest_route=\/wp\/v2\/users\/1"}],"replies":[{"embeddable":true,"href":"https:\/\/issmgroup.pl\/index.php?rest_route=%2Fwp%2Fv2%2Fcomments&post=168"}],"version-history":[{"count":4,"href":"https:\/\/issmgroup.pl\/index.php?rest_route=\/wp\/v2\/pages\/168\/revisions"}],"predecessor-version":[{"id":199,"href":"https:\/\/issmgroup.pl\/index.php?rest_route=\/wp\/v2\/pages\/168\/revisions\/199"}],"wp:attachment":[{"href":"https:\/\/issmgroup.pl\/index.php?rest_route=%2Fwp%2Fv2%2Fmedia&parent=168"}],"curies":[{"name":"wp","href":"https:\/\/api.w.org\/{rel}","templated":true}]}}