{"id":143,"date":"2022-07-23T13:15:45","date_gmt":"2022-07-23T13:15:45","guid":{"rendered":"https:\/\/issmgroup.pl\/?page_id=143"},"modified":"2022-07-24T13:04:37","modified_gmt":"2022-07-24T13:04:37","slug":"informacja-o-zgloszeniu-zadania-realizacji-prawa-na-mocy-przepisow-rodo","status":"publish","type":"page","link":"https:\/\/issmgroup.pl\/?page_id=143","title":{"rendered":"INFORMACJA O ZG\u0141OSZENIU \u017b\u0104DANIA REALIZACJI PRAWA NA MOCY PRZEPIS\u00d3W RODO"},"content":{"rendered":"<h3>Zg\u0142aszanie \u017c\u0105da\u0144 zwi\u0105zanych z realizacj\u0105 praw<\/h3>\n<p>Wniosek dotycz\u0105cy realizacji praw mo\u017cna z\u0142o\u017cy\u0107:<\/p>\n<ul>\n<li>w formie pisemnej na adres: ISSM GROUP PREMIUM Marzena Krzanowska<strong> Dereniowa 10 05-110 Jab\u0142onna<\/strong>;<\/li>\n<li>drog\u0105 e-mailow\u0105 na adres: <a href=\"mailto:service@issmgroup.pl\"><strong>service@issmgroup.pl<\/strong><\/a>.<\/li>\n<\/ul>\n<p>Wniosek mo\u017ce by\u0107 z\u0142o\u017cony osobi\u015bcie lub za po\u015brednictwem pe\u0142nomocnika (np. cz\u0142onka rodziny). Ze wzgl\u0119du na bezpiecze\u0144stwo danych zach\u0119camy do pos\u0142ugiwania si\u0119 pe\u0142nomocnictwem<br \/>\nw formie po\u015bwiadczonej przez notariusza lub upowa\u017cnionego radc\u0119 prawnego b\u0105d\u017a adwokata, co istotnie przyspieszy weryfikacj\u0119 autentyczno\u015bci wniosku.<\/p>\n<p>Wniosek powinien zawiera\u0107 dane osoby zg\u0142aszaj\u0105cej, dane teleadresowe oraz szczeg\u00f3\u0142y \u017c\u0105dania.<\/p>\n<p><u>Wniosek rozpatrywany jest:<\/u><\/p>\n<ol>\n<li>w ci\u0105gu miesi\u0105ca, licz\u0105c od dnia otrzymania \u017c\u0105dania,<\/li>\n<li>w przypadku, gdy \u017c\u0105danie lub liczba \u017c\u0105da\u0144 Klienta ma skomplikowany charakter, termin udzielenia odpowiedzi mo\u017ce zosta\u0107 wyd\u0142u\u017cony o kolejne dwa miesi\u0105ce;\u00a0w terminie miesi\u0105ca od otrzymania \u017c\u0105dania, Inspektor ochrony danych poinformuje Klienta listownie o przed\u0142u\u017ceniu terminu, z podaniem przyczyn op\u00f3\u017anienia,<\/li>\n<li>w przypadku niepodj\u0119cia dzia\u0142a\u0144 w zwi\u0105zku z \u017c\u0105daniem Klienta, Inspektor ochrony danych niezw\u0142ocznie \u2013 najp\u00f3\u017aniej w ci\u0105gu miesi\u0105ca od otrzymania \u017c\u0105dania, poinformuje Klienta listownie o powodach niepodj\u0119cia dzia\u0142a\u0144 oraz mo\u017cliwo\u015bci wniesienia skargi do organu nadzorczego oraz skorzystania ze \u015brodk\u00f3w ochrony prawnej przed s\u0105dem.<\/li>\n<\/ol>\n<p><u>Bieg terminu rozpatrywania wniosku rozpoczyna si\u0119 od dnia jego otrzymania. <\/u><\/p>\n<p>Odpowied\u017a udzielana jest za po\u015brednictwem poczty tradycyjnej, chyba, \u017ce wniosek zosta\u0142 z\u0142o\u017cony drog\u0105 elektroniczn\u0105 lub za\u017c\u0105dano przekazania odpowiedzi w formie elektronicznej.<\/p>\n<p>W sytuacji, gdy uznamy, \u017ce nie jeste\u015bmy w stanie zidentyfikowa\u0107 osoby sk\u0142adaj\u0105cej wniosek na podstawie dokonanego zg\u0142oszenia, mo\u017cemy zwr\u00f3ci\u0107 si\u0119 do wnioskodawcy o dodatkowe informacje, kt\u00f3re nam to umo\u017cliwi\u0105.<\/p>\n<p><strong>Zasady pobierania op\u0142at<\/strong><\/p>\n<p><u>Post\u0119powanie w sprawie sk\u0142adanych wniosk\u00f3w, co do zasady jest nieodp\u0142atne.<\/u><\/p>\n<p>Jednak\u017ce, je\u015bli wyka\u017cemy, \u017ce \u017c\u0105danie wnioskodawcy jest ewidentnie nieuzasadnione lub nadmierne w szczeg\u00f3lno\u015bci ze wzgl\u0119du na sw\u00f3j ustawiczny charakter, mo\u017cemy:<\/p>\n<ul>\n<li>pobra\u0107 wynagrodzenie do wysoko\u015bci kosztu udzielenia odpowiedzi lub<\/li>\n<li>odm\u00f3wi\u0107 podj\u0119cia dzia\u0142a\u0144 w zwi\u0105zku z wniesionym \u017c\u0105daniem.<\/li>\n<\/ul>\n<p>W razie kwestionowania decyzji o na\u0142o\u017ceniu op\u0142aty wnioskodawca, mo\u017ce z\u0142o\u017cy\u0107 skarg\u0119 do Prezesa Urz\u0119du Ochrony Danych Osobowych.<\/p>\n","protected":false},"excerpt":{"rendered":"<p>Zg\u0142aszanie \u017c\u0105da\u0144 zwi\u0105zanych z realizacj\u0105 praw Wniosek dotycz\u0105cy realizacji praw mo\u017cna z\u0142o\u017cy\u0107: w formie pisemnej na adres: ISSM GROUP PREMIUM Marzena Krzanowska Dereniowa 10 05-110 Jab\u0142onna; drog\u0105 e-mailow\u0105 na adres: service@issmgroup.pl. Wniosek mo\u017ce by\u0107 z\u0142o\u017cony osobi\u015bcie lub za po\u015brednictwem pe\u0142nomocnika (np. cz\u0142onka rodziny). Ze wzgl\u0119du na bezpiecze\u0144stwo danych zach\u0119camy do pos\u0142ugiwania si\u0119 pe\u0142nomocnictwem w formie [&hellip;]<\/p>\n","protected":false},"author":1,"featured_media":0,"parent":0,"menu_order":0,"comment_status":"closed","ping_status":"closed","template":"","meta":[],"_links":{"self":[{"href":"https:\/\/issmgroup.pl\/index.php?rest_route=\/wp\/v2\/pages\/143"}],"collection":[{"href":"https:\/\/issmgroup.pl\/index.php?rest_route=\/wp\/v2\/pages"}],"about":[{"href":"https:\/\/issmgroup.pl\/index.php?rest_route=\/wp\/v2\/types\/page"}],"author":[{"embeddable":true,"href":"https:\/\/issmgroup.pl\/index.php?rest_route=\/wp\/v2\/users\/1"}],"replies":[{"embeddable":true,"href":"https:\/\/issmgroup.pl\/index.php?rest_route=%2Fwp%2Fv2%2Fcomments&post=143"}],"version-history":[{"count":3,"href":"https:\/\/issmgroup.pl\/index.php?rest_route=\/wp\/v2\/pages\/143\/revisions"}],"predecessor-version":[{"id":196,"href":"https:\/\/issmgroup.pl\/index.php?rest_route=\/wp\/v2\/pages\/143\/revisions\/196"}],"wp:attachment":[{"href":"https:\/\/issmgroup.pl\/index.php?rest_route=%2Fwp%2Fv2%2Fmedia&parent=143"}],"curies":[{"name":"wp","href":"https:\/\/api.w.org\/{rel}","templated":true}]}}