{"id":138,"date":"2022-07-23T13:11:38","date_gmt":"2022-07-23T13:11:38","guid":{"rendered":"https:\/\/issmgroup.pl\/?page_id=138"},"modified":"2022-07-24T13:33:16","modified_gmt":"2022-07-24T13:33:16","slug":"informacje-prawne","status":"publish","type":"page","link":"https:\/\/issmgroup.pl\/?page_id=138","title":{"rendered":"INFORMACJE PRAWNE"},"content":{"rendered":"<p>Wszystkie informacje prawne zwi\u0105zane ze stron\u0105 www znajduj\u0105 si\u0119 w linkach poni\u017cej:<\/p>\n<ul>\n<li><a class=\"row-title\" href=\"https:\/\/issmgroup.pl\/?page_id=159\" aria-label=\"\u201ePOLITYKA PRYWATNO\u015aCI www.issmgroup.pl\u201d (Edycja)\">POLITYKA PRYWATNO\u015aCI www.issmgroup.pl<\/a><\/li>\n<li><a class=\"row-title\" href=\"https:\/\/issmgroup.pl\/?page_id=148\" aria-label=\"\u201eINFORMACJA O PRAWACH PRZYS\u0141UGUJ\u0104CYCH OSOBIE FIZYCZNEJ NA MOCY PRZEPIS\u00d3W RODO\u201d (Edycja)\">INFORMACJA O PRAWACH PRZYS\u0141UGUJ\u0104CYCH OSOBIE FIZYCZNEJ NA MOCY PRZEPIS\u00d3W RODO<\/a><\/li>\n<li><a class=\"row-title\" href=\"https:\/\/issmgroup.pl\/?page_id=143\" aria-label=\"\u201eINFORMACJA O ZG\u0141OSZENIU \u017b\u0104DANIA REALIZACJI PRAWA NA MOCY PRZEPIS\u00d3W RODO\u201d (Edycja)\">INFORMACJA O ZG\u0141OSZENIU \u017b\u0104DANIA REALIZACJI PRAWA NA MOCY PRZEPIS\u00d3W RODO<\/a><\/li>\n<li><a class=\"row-title\" href=\"https:\/\/issmgroup.pl\/?page_id=163\" aria-label=\"\u201ePOLITYKA PLIK\u00d3W COOKIES\u201d (Edycja)\">POLITYKA PLIK\u00d3W COOKIES<\/a><\/li>\n<li><a class=\"row-title\" href=\"https:\/\/issmgroup.pl\/?page_id=168\" aria-label=\"\u201ePOLITYKA PRYWATNO\u015aCI DOTYCZ\u0104CA MEDI\u00d3W SPO\u0141ECZNO\u015aCIOWYCH\u201d (Edycja)\">POLITYKA PRYWATNO\u015aCI DOTYCZ\u0104CA MEDI\u00d3W SPO\u0141ECZNO\u015aCIOWYCH<\/a><\/li>\n<li><a class=\"row-title\" href=\"https:\/\/issmgroup.pl\/?page_id=171\" aria-label=\"\u201eZASADY PRZETWARZANIA DANYCH OSOBOWYCH\u201d (Edycja)\">ZASADY PRZETWARZANIA DANYCH OSOBOWYCH<\/a><\/li>\n<li><a href=\"https:\/\/issmgroup.pl\/?page_id=186\">REGULAMIN STRONY<\/a><\/li>\n<\/ul>\n<p>&nbsp;<\/p>\n<p>Panel <a href=\"#\" class=\"cn-revoke-cookie cn-button-inline cn-revoke-inline\" title=\"zmiany decyzji\">zmiany decyzji<\/a> dotycz\u0105cej korzystania z plik\u00f3w cookie ( <b>tzw. <\/b>ciasteczek ).<\/p>\n","protected":false},"excerpt":{"rendered":"<p>Wszystkie informacje prawne zwi\u0105zane ze stron\u0105 www znajduj\u0105 si\u0119 w linkach poni\u017cej: POLITYKA PRYWATNO\u015aCI www.issmgroup.pl INFORMACJA O PRAWACH PRZYS\u0141UGUJ\u0104CYCH OSOBIE FIZYCZNEJ NA MOCY PRZEPIS\u00d3W RODO INFORMACJA O ZG\u0141OSZENIU \u017b\u0104DANIA REALIZACJI PRAWA NA MOCY PRZEPIS\u00d3W RODO POLITYKA PLIK\u00d3W COOKIES POLITYKA PRYWATNO\u015aCI DOTYCZ\u0104CA MEDI\u00d3W SPO\u0141ECZNO\u015aCIOWYCH ZASADY PRZETWARZANIA DANYCH OSOBOWYCH REGULAMIN STRONY &nbsp; Panel dotycz\u0105cej korzystania z plik\u00f3w [&hellip;]<\/p>\n","protected":false},"author":1,"featured_media":0,"parent":0,"menu_order":0,"comment_status":"closed","ping_status":"closed","template":"","meta":[],"_links":{"self":[{"href":"https:\/\/issmgroup.pl\/index.php?rest_route=\/wp\/v2\/pages\/138"}],"collection":[{"href":"https:\/\/issmgroup.pl\/index.php?rest_route=\/wp\/v2\/pages"}],"about":[{"href":"https:\/\/issmgroup.pl\/index.php?rest_route=\/wp\/v2\/types\/page"}],"author":[{"embeddable":true,"href":"https:\/\/issmgroup.pl\/index.php?rest_route=\/wp\/v2\/users\/1"}],"replies":[{"embeddable":true,"href":"https:\/\/issmgroup.pl\/index.php?rest_route=%2Fwp%2Fv2%2Fcomments&post=138"}],"version-history":[{"count":9,"href":"https:\/\/issmgroup.pl\/index.php?rest_route=\/wp\/v2\/pages\/138\/revisions"}],"predecessor-version":[{"id":201,"href":"https:\/\/issmgroup.pl\/index.php?rest_route=\/wp\/v2\/pages\/138\/revisions\/201"}],"wp:attachment":[{"href":"https:\/\/issmgroup.pl\/index.php?rest_route=%2Fwp%2Fv2%2Fmedia&parent=138"}],"curies":[{"name":"wp","href":"https:\/\/api.w.org\/{rel}","templated":true}]}}